{"id":1374,"date":"2026-03-15T12:33:26","date_gmt":"2026-03-15T12:33:26","guid":{"rendered":"https:\/\/www.suomenstreetworkout.fi\/?page_id=1374"},"modified":"2026-03-16T16:57:38","modified_gmt":"2026-03-16T16:57:38","slug":"street-lifting","status":"publish","type":"page","link":"https:\/\/www.suomenstreetworkout.fi\/?page_id=1374","title":{"rendered":"STREETLIFTING"},"content":{"rendered":"\n<h2 class=\"wp-block-heading has-text-align-center\">Streetlifting \u2013 uusi maksimivoimalaji Suomeen<\/h2>\n\n\n\n<h3 class=\"wp-block-heading has-text-align-center\">Mit\u00e4 on streetlifting?<\/h3>\n\n\n\n<p class=\"has-text-align-center\">Streetlifting on maailmalla nopeasti kasvava voimalaji, joka yhdist\u00e4\u00e4 kehonpainoharjoittelun ja lis\u00e4painoilla teht\u00e4v\u00e4n maksimivoiman. Lajissa tavoitteena on tehd\u00e4 nelj\u00e4ss\u00e4 liikkeess\u00e4 yksi toisto mahdollisimman suurella lis\u00e4painolla. Urheilijalla on kolme yrityst\u00e4 per liike, joista paras hyv\u00e4ksytty suoritus j\u00e4\u00e4 voimaan. Nelj\u00e4n liikkeen tulokset lasketaan yhteen, ja suurimman yhteistuloksen tehnyt urheilija voittaa.<\/p>\n\n\n\n<h3 class=\"wp-block-heading has-text-align-center\">Liikkeet:<\/h3>\n\n\n\n<div class=\"wp-block-columns is-not-stacked-on-mobile is-layout-flex wp-container-core-columns-is-layout-9d6595d7 wp-block-columns-is-layout-flex\">\n<div class=\"wp-block-column is-layout-flow wp-block-column-is-layout-flow\">\n<p class=\"has-text-align-center has-small-font-size\"><strong>Muscle up<\/strong><\/p>\n\n\n\n<figure class=\"wp-block-image size-full\"><a href=\"http:\/\/www.suomenstreetworkout.fi\/wp-content\/uploads\/2026\/03\/IMG_2117.jpg\"><img decoding=\"async\" src=\"http:\/\/www.suomenstreetworkout.fi\/wp-content\/uploads\/2026\/03\/IMG_2117.jpg\" alt=\"muscle up\" class=\"wp-image-1392\"\/><\/a><\/figure>\n<\/div>\n\n\n\n<div class=\"wp-block-column is-layout-flow wp-block-column-is-layout-flow\">\n<p class=\"has-text-align-center has-small-font-size\"><strong>Leuanveto<\/strong><\/p>\n\n\n\n<figure class=\"wp-block-image size-full\"><a href=\"http:\/\/www.suomenstreetworkout.fi\/wp-content\/uploads\/2026\/03\/IMG_2677.jpg\"><img decoding=\"async\" src=\"http:\/\/www.suomenstreetworkout.fi\/wp-content\/uploads\/2026\/03\/IMG_2677.jpg\" alt=\"Leuanveto\" class=\"wp-image-1393\"\/><\/a><\/figure>\n<\/div>\n\n\n\n<div class=\"wp-block-column is-layout-flow wp-block-column-is-layout-flow\">\n<p class=\"has-text-align-center has-small-font-size\"><strong>Dippi<\/strong><\/p>\n\n\n\n<figure class=\"wp-block-image size-full is-style-default\"><a href=\"http:\/\/www.suomenstreetworkout.fi\/wp-content\/uploads\/2026\/03\/IMG_3064.jpg\"><img decoding=\"async\" src=\"http:\/\/www.suomenstreetworkout.fi\/wp-content\/uploads\/2026\/03\/IMG_3064.jpg\" alt=\"Dippi\" class=\"wp-image-1394\"\/><\/a><\/figure>\n<\/div>\n\n\n\n<div class=\"wp-block-column is-layout-flow wp-block-column-is-layout-flow\">\n<p class=\"has-text-align-center has-small-font-size\"><strong>Kyykky<\/strong><\/p>\n\n\n\n<figure class=\"wp-block-image size-full\"><a href=\"http:\/\/www.suomenstreetworkout.fi\/wp-content\/uploads\/2026\/03\/IMG_3427.jpg\"><img decoding=\"async\" src=\"http:\/\/www.suomenstreetworkout.fi\/wp-content\/uploads\/2026\/03\/IMG_3427.jpg\" alt=\"Kyykky\" class=\"wp-image-1395\"\/><\/a><\/figure>\n<\/div>\n<\/div>\n\n\n\n<p class=\"has-text-align-center\" style=\"font-size:12px\">Valokuvat: Side-eye Vision, Essi Antervo<\/p>\n\n\n\n<p class=\"has-text-align-center\">Streetlifting Suomen tavoitteena on rakentaa aktiivinen streetlifting-yhteis\u00f6 sek\u00e4 tarjota urheilijoille mahdollisuus kilpailla kotimaassa.<\/p>\n\n\n\n<p class=\"has-text-align-center\"><strong>Painoluokat:<\/strong><br>Naiset: -52, -57, -63, -70, +70<br>Miehet: -66, -73, -80, -87, -94, +94<\/p>\n\n\n\n<div style=\"height:20px\" aria-hidden=\"true\" class=\"wp-block-spacer\"><\/div>\n\n\n\n<h3 class=\"wp-block-heading has-text-align-center\">Streetlifting Suomi Cup<\/h3>\n\n\n\n<p class=\"has-text-align-center\">Suomen ensimm\u00e4inen streetlifting kilpailu j\u00e4rjestet\u00e4\u00e4n 22.8. Jyv\u00e4skyl\u00e4ss\u00e4. Kilpailu tarjoaa matalan kynnyksen mahdollisuuden tutustua lajiin ja kokeilla sit\u00e4 kilpailumuodossa.<\/p>\n\n\n\n<p class=\"has-text-align-center\">Lis\u00e4tietoa tapahtumasta tulossa pian.<\/p>\n\n\n\n<div class=\"wp-block-cover\" style=\"min-height:381px;aspect-ratio:unset;\"><img decoding=\"async\" class=\"wp-block-cover__image-background wp-image-1405 size-full\" alt=\"kyykky\" src=\"http:\/\/www.suomenstreetworkout.fi\/wp-content\/uploads\/2026\/03\/DSC09128-Enhanced-NR-2.jpeg\" style=\"object-position:42% 27%\" data-object-fit=\"cover\" data-object-position=\"42% 27%\"\/><span aria-hidden=\"true\" class=\"wp-block-cover__background has-background-dim\" style=\"background-color:#384241\"><\/span><div class=\"wp-block-cover__inner-container is-layout-constrained wp-block-cover-is-layout-constrained\"><style>.kb-countdown-container-1374_df8184-93{border-top-left-radius:0px;border-top-right-radius:0px;border-bottom-right-radius:0px;border-bottom-left-radius:0px;border-top-width:0px;border-right-width:0px;border-bottom-width:0px;border-left-width:0px;}.kb-countdown-container-1374_df8184-93 .kb-countdown-date-item:not( .kb-countdown-divider-item ){border-top-left-radius:0px;border-top-right-radius:0px;border-bottom-right-radius:0px;border-bottom-left-radius:0px;}.kb-countdown-container.kb-countdown-container-1374_df8184-93 .kb-countdown-date-item .kb-countdown-number{font-size:var(--global-kb-font-size-xxxl, 5rem);}.kb-countdown-container.kb-countdown-container-1374_df8184-93 .kb-countdown-date-item{font-size:var(--global-kb-font-size-xxxl, 5rem);}<\/style>\n<div class=\"wp-block-kadence-countdown kb-countdown-container kb-countdown-container-1374_df8184-93 kb-countdown-timer-layout-block kb-countdown-has-timer kb-countdown-enable-dividers kb-countdown-align-center\" data-id=\"1374_df8184-93\">\n<div class=\"wp-block-kadence-countdown-timer kb-countdown-timer-1374_a86fc3-34 kb-countdown-timer\"><div class=\"kb-countdown-item kb-countdown-date-item\"><span class=\"kb-countdown-number\">\u00a0<\/span><span class=\"kb-countdown-label\">\u00a0<\/span><\/div><\/div>\n<\/div>\n\n\n\n<p class=\"has-text-align-center has-large-font-size\"><\/p>\n<\/div><\/div>\n\n\n\n<p class=\"has-text-align-center\" style=\"font-size:12px\">Valokuva: Derin Jamil<\/p>\n\n\n\n<div style=\"height:32px\" aria-hidden=\"true\" class=\"wp-block-spacer\"><\/div>\n\n\n\n<p class=\"has-text-align-center\">Lajin s\u00e4\u00e4nt\u00f6kirja l\u00f6ytyy t\u00e4\u00e4lt\u00e4:<\/p>\n\n\n\n<div class=\"wp-block-buttons is-content-justification-center is-layout-flex wp-container-core-buttons-is-layout-16018d1d wp-block-buttons-is-layout-flex\">\n<div class=\"wp-block-button has-custom-width wp-block-button__width-50 is-style-fill\"><a class=\"wp-block-button__link has-background has-medium-font-size has-text-align-center has-custom-font-size wp-element-button\" href=\"https:\/\/drive.google.com\/file\/d\/1FI8NcXhi89ueW7PLtdZtJY_UdcHideHk\/view?usp=sharing\" style=\"background-color:#0d0a73\">S\u00e4\u00e4nt\u00f6kirja<\/a><\/div>\n<\/div>\n\n\n\n<div style=\"height:32px\" aria-hidden=\"true\" class=\"wp-block-spacer\"><\/div>\n\n\n\n<p class=\"has-text-align-center\">Pysy ajan tasalla seuraamalla <a href=\"https:\/\/www.instagram.com\/streetlifting.suomi\/\">Instagram-tili\u00e4mme<\/a>.<\/p>\n\n\n\n<div style=\"height:32px\" aria-hidden=\"true\" class=\"wp-block-spacer\"><\/div>\n","protected":false},"excerpt":{"rendered":"<p>Streetlifting \u2013 uusi maksimivoimalaji Suomeen Mit\u00e4 on streetlifting? Streetlifting on maailmalla nopeasti kasvava voimalaji, joka yhdist\u00e4\u00e4 kehonpainoharjoittelun ja lis\u00e4painoilla teht\u00e4v\u00e4n maksimivoiman. Lajissa tavoitteena on tehd\u00e4 nelj\u00e4ss\u00e4 liikkeess\u00e4 yksi toisto mahdollisimman suurella lis\u00e4painolla. Urheilijalla on kolme yrityst\u00e4 per liike, joista paras hyv\u00e4ksytty suoritus j\u00e4\u00e4 voimaan. Nelj\u00e4n liikkeen tulokset lasketaan yhteen, ja [&hellip;]<\/p>\n","protected":false},"author":1,"featured_media":1430,"parent":0,"menu_order":0,"comment_status":"closed","ping_status":"closed","template":"","meta":{"footnotes":""},"class_list":["post-1374","page","type-page","status-publish","has-post-thumbnail","hentry"],"yoast_head":"<!-- This site is optimized with the Yoast SEO plugin v24.9 - https:\/\/yoast.com\/wordpress\/plugins\/seo\/ -->\n<title>STREETLIFTING - Suomen Street Workout yhdistys<\/title>\n<meta name=\"robots\" content=\"index, follow, max-snippet:-1, max-image-preview:large, max-video-preview:-1\" \/>\n<link rel=\"canonical\" href=\"https:\/\/www.suomenstreetworkout.fi\/?page_id=1374\" \/>\n<meta property=\"og:locale\" content=\"fi_FI\" \/>\n<meta property=\"og:type\" content=\"article\" \/>\n<meta property=\"og:title\" content=\"STREETLIFTING - Suomen Street Workout yhdistys\" \/>\n<meta property=\"og:description\" content=\"Streetlifting \u2013 uusi maksimivoimalaji Suomeen Mit\u00e4 on streetlifting? Streetlifting on maailmalla nopeasti kasvava voimalaji, joka yhdist\u00e4\u00e4 kehonpainoharjoittelun ja lis\u00e4painoilla teht\u00e4v\u00e4n maksimivoiman. Lajissa tavoitteena on tehd\u00e4 nelj\u00e4ss\u00e4 liikkeess\u00e4 yksi toisto mahdollisimman suurella lis\u00e4painolla. Urheilijalla on kolme yrityst\u00e4 per liike, joista paras hyv\u00e4ksytty suoritus j\u00e4\u00e4 voimaan. Nelj\u00e4n liikkeen tulokset lasketaan yhteen, ja [&hellip;]\" \/>\n<meta property=\"og:url\" content=\"https:\/\/www.suomenstreetworkout.fi\/?page_id=1374\" \/>\n<meta property=\"og:site_name\" content=\"Suomen Street Workout yhdistys\" \/>\n<meta property=\"article:modified_time\" content=\"2026-03-16T16:57:38+00:00\" \/>\n<meta property=\"og:image\" content=\"http:\/\/www.suomenstreetworkout.fi\/wp-content\/uploads\/2026\/03\/NordicsSW_24-117xzx.jpg\" \/>\n\t<meta property=\"og:image:width\" content=\"1\" \/>\n\t<meta property=\"og:image:height\" content=\"1\" \/>\n\t<meta property=\"og:image:type\" content=\"image\/jpeg\" \/>\n<meta name=\"twitter:card\" content=\"summary_large_image\" \/>\n<meta name=\"twitter:label1\" content=\"Arvioitu lukuaika\" \/>\n\t<meta name=\"twitter:data1\" content=\"3 minuuttia\" \/>\n<script type=\"application\/ld+json\" class=\"yoast-schema-graph\">{\"@context\":\"https:\/\/schema.org\",\"@graph\":[{\"@type\":\"WebPage\",\"@id\":\"https:\/\/www.suomenstreetworkout.fi\/?page_id=1374\",\"url\":\"https:\/\/www.suomenstreetworkout.fi\/?page_id=1374\",\"name\":\"STREETLIFTING - Suomen Street Workout yhdistys\",\"isPartOf\":{\"@id\":\"https:\/\/www.suomenstreetworkout.fi\/#website\"},\"primaryImageOfPage\":{\"@id\":\"https:\/\/www.suomenstreetworkout.fi\/?page_id=1374#primaryimage\"},\"image\":{\"@id\":\"https:\/\/www.suomenstreetworkout.fi\/?page_id=1374#primaryimage\"},\"thumbnailUrl\":\"https:\/\/www.suomenstreetworkout.fi\/wp-content\/uploads\/2026\/03\/NordicsSW_24-117xzx.jpg\",\"datePublished\":\"2026-03-15T12:33:26+00:00\",\"dateModified\":\"2026-03-16T16:57:38+00:00\",\"breadcrumb\":{\"@id\":\"https:\/\/www.suomenstreetworkout.fi\/?page_id=1374#breadcrumb\"},\"inLanguage\":\"fi\",\"potentialAction\":[{\"@type\":\"ReadAction\",\"target\":[\"https:\/\/www.suomenstreetworkout.fi\/?page_id=1374\"]}]},{\"@type\":\"ImageObject\",\"inLanguage\":\"fi\",\"@id\":\"https:\/\/www.suomenstreetworkout.fi\/?page_id=1374#primaryimage\",\"url\":\"https:\/\/www.suomenstreetworkout.fi\/wp-content\/uploads\/2026\/03\/NordicsSW_24-117xzx.jpg\",\"contentUrl\":\"https:\/\/www.suomenstreetworkout.fi\/wp-content\/uploads\/2026\/03\/NordicsSW_24-117xzx.jpg\",\"caption\":\"pull\"},{\"@type\":\"BreadcrumbList\",\"@id\":\"https:\/\/www.suomenstreetworkout.fi\/?page_id=1374#breadcrumb\",\"itemListElement\":[{\"@type\":\"ListItem\",\"position\":1,\"name\":\"Etusivu\",\"item\":\"https:\/\/www.suomenstreetworkout.fi\/\"},{\"@type\":\"ListItem\",\"position\":2,\"name\":\"STREETLIFTING\"}]},{\"@type\":\"WebSite\",\"@id\":\"https:\/\/www.suomenstreetworkout.fi\/#website\",\"url\":\"https:\/\/www.suomenstreetworkout.fi\/\",\"name\":\"Suomen Street Workout yhdistys\",\"description\":\"Suomalaisen Street Workout j&auml;rjest&ouml;n sivusto\",\"publisher\":{\"@id\":\"https:\/\/www.suomenstreetworkout.fi\/#organization\"},\"potentialAction\":[{\"@type\":\"SearchAction\",\"target\":{\"@type\":\"EntryPoint\",\"urlTemplate\":\"https:\/\/www.suomenstreetworkout.fi\/?s={search_term_string}\"},\"query-input\":{\"@type\":\"PropertyValueSpecification\",\"valueRequired\":true,\"valueName\":\"search_term_string\"}}],\"inLanguage\":\"fi\"},{\"@type\":\"Organization\",\"@id\":\"https:\/\/www.suomenstreetworkout.fi\/#organization\",\"name\":\"Suomen Street Workout yhdistys\",\"url\":\"https:\/\/www.suomenstreetworkout.fi\/\",\"logo\":{\"@type\":\"ImageObject\",\"inLanguage\":\"fi\",\"@id\":\"https:\/\/www.suomenstreetworkout.fi\/#\/schema\/logo\/image\/\",\"url\":\"https:\/\/www.suomenstreetworkout.fi\/wp-content\/uploads\/2020\/03\/cropped-cropped-SSW_LOGO_2020-1.png\",\"contentUrl\":\"https:\/\/www.suomenstreetworkout.fi\/wp-content\/uploads\/2020\/03\/cropped-cropped-SSW_LOGO_2020-1.png\",\"width\":3507,\"height\":2339,\"caption\":\"Suomen Street Workout yhdistys\"},\"image\":{\"@id\":\"https:\/\/www.suomenstreetworkout.fi\/#\/schema\/logo\/image\/\"}}]}<\/script>\n<!-- \/ Yoast SEO plugin. -->","yoast_head_json":{"title":"STREETLIFTING - Suomen Street Workout yhdistys","robots":{"index":"index","follow":"follow","max-snippet":"max-snippet:-1","max-image-preview":"max-image-preview:large","max-video-preview":"max-video-preview:-1"},"canonical":"https:\/\/www.suomenstreetworkout.fi\/?page_id=1374","og_locale":"fi_FI","og_type":"article","og_title":"STREETLIFTING - Suomen Street Workout yhdistys","og_description":"Streetlifting \u2013 uusi maksimivoimalaji Suomeen Mit\u00e4 on streetlifting? Streetlifting on maailmalla nopeasti kasvava voimalaji, joka yhdist\u00e4\u00e4 kehonpainoharjoittelun ja lis\u00e4painoilla teht\u00e4v\u00e4n maksimivoiman. Lajissa tavoitteena on tehd\u00e4 nelj\u00e4ss\u00e4 liikkeess\u00e4 yksi toisto mahdollisimman suurella lis\u00e4painolla. Urheilijalla on kolme yrityst\u00e4 per liike, joista paras hyv\u00e4ksytty suoritus j\u00e4\u00e4 voimaan. Nelj\u00e4n liikkeen tulokset lasketaan yhteen, ja [&hellip;]","og_url":"https:\/\/www.suomenstreetworkout.fi\/?page_id=1374","og_site_name":"Suomen Street Workout yhdistys","article_modified_time":"2026-03-16T16:57:38+00:00","og_image":[{"url":"http:\/\/www.suomenstreetworkout.fi\/wp-content\/uploads\/2026\/03\/NordicsSW_24-117xzx.jpg","width":1,"height":1,"type":"image\/jpeg"}],"twitter_card":"summary_large_image","twitter_misc":{"Arvioitu lukuaika":"3 minuuttia"},"schema":{"@context":"https:\/\/schema.org","@graph":[{"@type":"WebPage","@id":"https:\/\/www.suomenstreetworkout.fi\/?page_id=1374","url":"https:\/\/www.suomenstreetworkout.fi\/?page_id=1374","name":"STREETLIFTING - Suomen Street Workout yhdistys","isPartOf":{"@id":"https:\/\/www.suomenstreetworkout.fi\/#website"},"primaryImageOfPage":{"@id":"https:\/\/www.suomenstreetworkout.fi\/?page_id=1374#primaryimage"},"image":{"@id":"https:\/\/www.suomenstreetworkout.fi\/?page_id=1374#primaryimage"},"thumbnailUrl":"https:\/\/www.suomenstreetworkout.fi\/wp-content\/uploads\/2026\/03\/NordicsSW_24-117xzx.jpg","datePublished":"2026-03-15T12:33:26+00:00","dateModified":"2026-03-16T16:57:38+00:00","breadcrumb":{"@id":"https:\/\/www.suomenstreetworkout.fi\/?page_id=1374#breadcrumb"},"inLanguage":"fi","potentialAction":[{"@type":"ReadAction","target":["https:\/\/www.suomenstreetworkout.fi\/?page_id=1374"]}]},{"@type":"ImageObject","inLanguage":"fi","@id":"https:\/\/www.suomenstreetworkout.fi\/?page_id=1374#primaryimage","url":"https:\/\/www.suomenstreetworkout.fi\/wp-content\/uploads\/2026\/03\/NordicsSW_24-117xzx.jpg","contentUrl":"https:\/\/www.suomenstreetworkout.fi\/wp-content\/uploads\/2026\/03\/NordicsSW_24-117xzx.jpg","caption":"pull"},{"@type":"BreadcrumbList","@id":"https:\/\/www.suomenstreetworkout.fi\/?page_id=1374#breadcrumb","itemListElement":[{"@type":"ListItem","position":1,"name":"Etusivu","item":"https:\/\/www.suomenstreetworkout.fi\/"},{"@type":"ListItem","position":2,"name":"STREETLIFTING"}]},{"@type":"WebSite","@id":"https:\/\/www.suomenstreetworkout.fi\/#website","url":"https:\/\/www.suomenstreetworkout.fi\/","name":"Suomen Street Workout yhdistys","description":"Suomalaisen Street Workout j&auml;rjest&ouml;n sivusto","publisher":{"@id":"https:\/\/www.suomenstreetworkout.fi\/#organization"},"potentialAction":[{"@type":"SearchAction","target":{"@type":"EntryPoint","urlTemplate":"https:\/\/www.suomenstreetworkout.fi\/?s={search_term_string}"},"query-input":{"@type":"PropertyValueSpecification","valueRequired":true,"valueName":"search_term_string"}}],"inLanguage":"fi"},{"@type":"Organization","@id":"https:\/\/www.suomenstreetworkout.fi\/#organization","name":"Suomen Street Workout yhdistys","url":"https:\/\/www.suomenstreetworkout.fi\/","logo":{"@type":"ImageObject","inLanguage":"fi","@id":"https:\/\/www.suomenstreetworkout.fi\/#\/schema\/logo\/image\/","url":"https:\/\/www.suomenstreetworkout.fi\/wp-content\/uploads\/2020\/03\/cropped-cropped-SSW_LOGO_2020-1.png","contentUrl":"https:\/\/www.suomenstreetworkout.fi\/wp-content\/uploads\/2020\/03\/cropped-cropped-SSW_LOGO_2020-1.png","width":3507,"height":2339,"caption":"Suomen Street Workout yhdistys"},"image":{"@id":"https:\/\/www.suomenstreetworkout.fi\/#\/schema\/logo\/image\/"}}]}},"_links":{"self":[{"href":"https:\/\/www.suomenstreetworkout.fi\/index.php?rest_route=\/wp\/v2\/pages\/1374","targetHints":{"allow":["GET"]}}],"collection":[{"href":"https:\/\/www.suomenstreetworkout.fi\/index.php?rest_route=\/wp\/v2\/pages"}],"about":[{"href":"https:\/\/www.suomenstreetworkout.fi\/index.php?rest_route=\/wp\/v2\/types\/page"}],"author":[{"embeddable":true,"href":"https:\/\/www.suomenstreetworkout.fi\/index.php?rest_route=\/wp\/v2\/users\/1"}],"replies":[{"embeddable":true,"href":"https:\/\/www.suomenstreetworkout.fi\/index.php?rest_route=%2Fwp%2Fv2%2Fcomments&post=1374"}],"version-history":[{"count":20,"href":"https:\/\/www.suomenstreetworkout.fi\/index.php?rest_route=\/wp\/v2\/pages\/1374\/revisions"}],"predecessor-version":[{"id":1435,"href":"https:\/\/www.suomenstreetworkout.fi\/index.php?rest_route=\/wp\/v2\/pages\/1374\/revisions\/1435"}],"wp:featuredmedia":[{"embeddable":true,"href":"https:\/\/www.suomenstreetworkout.fi\/index.php?rest_route=\/wp\/v2\/media\/1430"}],"wp:attachment":[{"href":"https:\/\/www.suomenstreetworkout.fi\/index.php?rest_route=%2Fwp%2Fv2%2Fmedia&parent=1374"}],"curies":[{"name":"wp","href":"https:\/\/api.w.org\/{rel}","templated":true}]}}