{"id":170,"date":"2020-03-17T12:39:04","date_gmt":"2020-03-17T12:39:04","guid":{"rendered":"http:\/\/31.217.192.177\/~suomenst\/?page_id=170"},"modified":"2025-03-20T10:09:10","modified_gmt":"2025-03-20T10:09:10","slug":"liity-jaseneksi","status":"publish","type":"page","link":"https:\/\/www.suomenstreetworkout.fi\/?page_id=170","title":{"rendered":"LIITY J\u00c4SENEKSI"},"content":{"rendered":"\n<p class=\"has-text-align-center\"><\/p>\n\n\n\n<p class=\"has-text-align-center\"><strong>Suomen Street Workout yhdistyksen vuosij\u00e4senyys!<\/strong><\/p>\n\n\n\n<p class=\"has-text-align-center\"><strong>J\u00e4senkausi ja maksu<\/strong><\/p>\n\n\n\n<p class=\"has-text-align-center\">Lasku j\u00e4senmaksusta l\u00e4hetet\u00e4\u00e4n j\u00e4senen s\u00e4hk\u00f6postiin.<\/p>\n\n\n\n<p class=\"has-text-align-center\">J\u00e4senkausi: 1.1.-31.12.2025 (Automaattisesti uusiutuva vuosij\u00e4senyys)<\/p>\n\n\n\n<p class=\"has-text-align-center\">J\u00e4senmaksu 2025 kaudella: 20 \u20ac \/ vuosi<\/p>\n\n\n\n<p class=\"has-text-align-center\">Kilpailulisenssi (sis\u00e4lt\u00e4\u00e4 vuosij\u00e4senyyden) 35 \u20ac \/ vuosi<\/p>\n\n\n<style>.wp-block-kadence-spacer.kt-block-spacer-170_f556fa-dd .kt-block-spacer{height:60px;}.wp-block-kadence-spacer.kt-block-spacer-170_f556fa-dd .kt-divider{border-top-width:1px;height:1px;border-top-color:#eee;width:80%;border-top-style:solid;}<\/style>\n<div class=\"wp-block-kadence-spacer aligncenter kt-block-spacer-170_f556fa-dd\"><div class=\"kt-block-spacer kt-block-spacer-halign-center\"><hr class=\"kt-divider\"\/><\/div><\/div>\n\n\n\n<p class=\"has-text-align-center\">L\u00e4hett\u00e4m\u00e4ll\u00e4 tiedot suostut vastaanottamaan Suomen Street Workout yhdistyksen j\u00e4senviestint\u00e4\u00e4 ja sitoudut maksamaan vuosittaisen j\u00e4senmaksun.<\/p>\n\n\n\n<div class=\"wp-block-kadence-form kadence-form-170_f4847e-0a kb-form-wrap\"><form class=\"kb-form\" action=\"\" method=\"post\"><div class=\"kadence-blocks-form-field kb-field-desk-width-100 kb-input-size-standard\"><label for=\"kb_field_170_f4847e-0a_0\">Etunimi Sukunimi \/ Full name<span class=\"required\">*<\/span><\/label><input name=\"kb_field_0\" id=\"kb_field_170_f4847e-0a_0\" data-label=\"Etunimi Sukunimi \/ Full name\" type=\"text\" placeholder=\"\" value=\"\" data-type=\"text\" class=\"kb-field kb-text-style-field kb-text-field kb-field-0\" data-required=\"yes\"\/><\/div><div class=\"kadence-blocks-form-field kb-form-field-1 kb-field-desk-width-100 kb-input-size-standard\"><label for=\"kb_field_170_f4847e-0a_1\">S\u00e4hk\u00f6posti \/ Email<span class=\"required\">*<\/span><\/label><input name=\"kb_field_1\" id=\"kb_field_170_f4847e-0a_1\" data-label=\"S\u00e4hk\u00f6posti \/ Email\" type=\"email\" placeholder=\"\" value=\"\" data-type=\"email\" class=\"kb-field kb-text-style-field kb-email-field kb-field-1\" data-required=\"yes\"\/><\/div><div class=\"kadence-blocks-form-field kb-form-field-2 kb-field-desk-width-100 kb-input-size-standard\"><label for=\"kb_field_170_f4847e-0a_2\">Osoite \/ Address<span class=\"required\">*<\/span><\/label><input name=\"kb_field_2\" id=\"kb_field_170_f4847e-0a_2\" data-label=\"Osoite \/ Address\" type=\"text\" placeholder=\"\" value=\"\" data-type=\"text\" class=\"kb-field kb-text-style-field kb-text-field kb-field-2\" data-required=\"yes\"\/><\/div><div class=\"kadence-blocks-form-field kb-form-field-3 kb-field-desk-width-66 kb-input-size-standard\"><label for=\"kb_field_170_f4847e-0a_3\">Postinumero &amp; paikkakunta \/ Zip code &amp; city<span class=\"required\">*<\/span><\/label><input name=\"kb_field_3\" id=\"kb_field_170_f4847e-0a_3\" data-label=\"Postinumero &amp; paikkakunta \/ Zip code &amp; city\" type=\"text\" placeholder=\"\" value=\"\" data-type=\"text\" class=\"kb-field kb-text-style-field kb-text-field kb-field-3\" autocomplete=\"postal-code\" data-required=\"yes\"\/><\/div><div class=\"kadence-blocks-form-field kb-form-field-4 kb-field-desk-width-100 kb-input-size-standard\"><label for=\"kb_field_170_f4847e-0a_4\">Puhelin \/ Phone number<span class=\"required\">*<\/span><\/label><input name=\"kb_field_4\" id=\"kb_field_170_f4847e-0a_4\" data-label=\"Puhelin \/ Phone number\" type=\"text\" placeholder=\"\" value=\"\" data-type=\"text\" class=\"kb-field kb-text-style-field kb-text-field kb-field-4\" data-required=\"yes\"\/><\/div><div class=\"kadence-blocks-form-field kb-form-field-5 kb-field-desk-width-100 kb-input-size-standard\"><label for=\"kb_field_170_f4847e-0a_5\">J\u00e4senyyden tyyppi \/ Membership type<span class=\"required\">*<\/span><\/label><select name=\"kb_field_5\" id=\"kb_field_170_f4847e-0a_5\" data-label=\"J\u00e4senyyden tyyppi \/ Membership type\" type=\"select\" value=\"\" data-type=\"select\" class=\"kb-field kb-select-style-field kb-select-field kb-field-5\" data-required=\"yes\"><option value=\"Vuosij\u00e4senyys \/ Regular Membership\">Vuosij\u00e4senyys \/ Regular Membership<\/option><option value=\"Kilpailulisenssi \/ Competition license\">Kilpailulisenssi \/ Competition license<\/option><\/select><\/div><input type=\"hidden\" name=\"_kb_form_id\" value=\"170_f4847e-0a\"\/><input type=\"hidden\" name=\"_kb_form_post_id\" value=\"170\"\/><input type=\"hidden\" name=\"action\" value=\"kb_process_ajax_submit\"\/><input class=\"kadence-blocks-field verify\" type=\"text\" name=\"_kb_verify_email\" autocomplete=\"new-password\" aria-hidden=\"true\" placeholder=\"Email\" tabindex=\"-1\" data-1p-ignore=\"true\" data-lpignore=\"true\" \/><div class=\"kadence-blocks-form-field kb-submit-field kb-field-desk-width-100\"><button class=\"kb-forms-submit button kb-button-size-standard kb-button-width-auto\">L\u00e4het\u00e4<\/button><\/div><\/form><\/div>\n<noscript><div class=\"kadence-blocks-form-message kadence-blocks-form-warning\">Please enable JavaScript in your browser to submit the form<\/div><style>.kadence-form-170_f4847e-0a .kadence-blocks-form-field.kb-submit-field { display: none; }<\/style><\/noscript>\n\n\n<p><\/p>\n\n\n\n<p class=\"has-text-align-center\">Yhdistys on perustettu vuonna 2014. Liity mukaan!<\/p>\n\n\n\n<p><\/p>\n\n\n\n<div style=\"height:100px\" aria-hidden=\"true\" class=\"wp-block-spacer\"><\/div>\n","protected":false},"excerpt":{"rendered":"<p>Suomen Street Workout yhdistyksen vuosij\u00e4senyys! J\u00e4senkausi ja maksu Lasku j\u00e4senmaksusta l\u00e4hetet\u00e4\u00e4n j\u00e4senen s\u00e4hk\u00f6postiin. J\u00e4senkausi: 1.1.-31.12.2025 (Automaattisesti uusiutuva vuosij\u00e4senyys) J\u00e4senmaksu 2025 kaudella: 20 \u20ac \/ vuosi Kilpailulisenssi (sis\u00e4lt\u00e4\u00e4 vuosij\u00e4senyyden) 35 \u20ac \/ vuosi L\u00e4hett\u00e4m\u00e4ll\u00e4 tiedot suostut vastaanottamaan Suomen Street Workout yhdistyksen j\u00e4senviestint\u00e4\u00e4 ja sitoudut maksamaan vuosittaisen j\u00e4senmaksun. Yhdistys on perustettu vuonna [&hellip;]<\/p>\n","protected":false},"author":1,"featured_media":26,"parent":0,"menu_order":0,"comment_status":"closed","ping_status":"closed","template":"","meta":{"footnotes":""},"class_list":["post-170","page","type-page","status-publish","has-post-thumbnail","hentry"],"yoast_head":"<!-- This site is optimized with the Yoast SEO plugin v24.9 - https:\/\/yoast.com\/wordpress\/plugins\/seo\/ -->\n<title>Liity j\u00e4seneksi - Suomen Street Workout | Suomen Street Workout yhdistys<\/title>\n<meta name=\"description\" content=\"Liity j\u00e4seneksi Suomen Street Workout ry:lle ja tuet suomalaisen Street Workout kulttuurin edist\u00e4mist\u00e4 maassamme.\" \/>\n<meta name=\"robots\" content=\"index, follow, max-snippet:-1, max-image-preview:large, max-video-preview:-1\" \/>\n<link rel=\"canonical\" href=\"https:\/\/www.suomenstreetworkout.fi\/?page_id=170\" \/>\n<meta property=\"og:locale\" content=\"fi_FI\" \/>\n<meta property=\"og:type\" content=\"article\" \/>\n<meta property=\"og:title\" content=\"Liity j\u00e4seneksi - Suomen Street Workout | Suomen Street Workout yhdistys\" \/>\n<meta property=\"og:description\" content=\"Liity j\u00e4seneksi Suomen Street Workout ry:lle ja tuet suomalaisen Street Workout kulttuurin edist\u00e4mist\u00e4 maassamme.\" \/>\n<meta property=\"og:url\" content=\"https:\/\/www.suomenstreetworkout.fi\/?page_id=170\" \/>\n<meta property=\"og:site_name\" content=\"Suomen Street Workout yhdistys\" \/>\n<meta property=\"article:modified_time\" content=\"2025-03-20T10:09:10+00:00\" \/>\n<meta property=\"og:image\" content=\"http:\/\/www.suomenstreetworkout.fi\/wp-content\/uploads\/2019\/02\/DSC7252-copy-1.jpg\" \/>\n\t<meta property=\"og:image:width\" content=\"1080\" \/>\n\t<meta property=\"og:image:height\" content=\"697\" \/>\n\t<meta property=\"og:image:type\" content=\"image\/jpeg\" \/>\n<meta name=\"twitter:card\" content=\"summary_large_image\" \/>\n<meta name=\"twitter:label1\" content=\"Arvioitu lukuaika\" \/>\n\t<meta name=\"twitter:data1\" content=\"1 minuutti\" \/>\n<script type=\"application\/ld+json\" class=\"yoast-schema-graph\">{\"@context\":\"https:\/\/schema.org\",\"@graph\":[{\"@type\":\"WebPage\",\"@id\":\"https:\/\/www.suomenstreetworkout.fi\/?page_id=170\",\"url\":\"https:\/\/www.suomenstreetworkout.fi\/?page_id=170\",\"name\":\"Liity j\u00e4seneksi - Suomen Street Workout | Suomen Street Workout yhdistys\",\"isPartOf\":{\"@id\":\"https:\/\/www.suomenstreetworkout.fi\/#website\"},\"primaryImageOfPage\":{\"@id\":\"https:\/\/www.suomenstreetworkout.fi\/?page_id=170#primaryimage\"},\"image\":{\"@id\":\"https:\/\/www.suomenstreetworkout.fi\/?page_id=170#primaryimage\"},\"thumbnailUrl\":\"https:\/\/www.suomenstreetworkout.fi\/wp-content\/uploads\/2019\/02\/DSC7252-copy-1.jpg\",\"datePublished\":\"2020-03-17T12:39:04+00:00\",\"dateModified\":\"2025-03-20T10:09:10+00:00\",\"description\":\"Liity j\u00e4seneksi Suomen Street Workout ry:lle ja tuet suomalaisen Street Workout kulttuurin edist\u00e4mist\u00e4 maassamme.\",\"breadcrumb\":{\"@id\":\"https:\/\/www.suomenstreetworkout.fi\/?page_id=170#breadcrumb\"},\"inLanguage\":\"fi\",\"potentialAction\":[{\"@type\":\"ReadAction\",\"target\":[\"https:\/\/www.suomenstreetworkout.fi\/?page_id=170\"]}]},{\"@type\":\"ImageObject\",\"inLanguage\":\"fi\",\"@id\":\"https:\/\/www.suomenstreetworkout.fi\/?page_id=170#primaryimage\",\"url\":\"https:\/\/www.suomenstreetworkout.fi\/wp-content\/uploads\/2019\/02\/DSC7252-copy-1.jpg\",\"contentUrl\":\"https:\/\/www.suomenstreetworkout.fi\/wp-content\/uploads\/2019\/02\/DSC7252-copy-1.jpg\",\"width\":1080,\"height\":697},{\"@type\":\"BreadcrumbList\",\"@id\":\"https:\/\/www.suomenstreetworkout.fi\/?page_id=170#breadcrumb\",\"itemListElement\":[{\"@type\":\"ListItem\",\"position\":1,\"name\":\"Etusivu\",\"item\":\"https:\/\/www.suomenstreetworkout.fi\/\"},{\"@type\":\"ListItem\",\"position\":2,\"name\":\"LIITY J\u00c4SENEKSI\"}]},{\"@type\":\"WebSite\",\"@id\":\"https:\/\/www.suomenstreetworkout.fi\/#website\",\"url\":\"https:\/\/www.suomenstreetworkout.fi\/\",\"name\":\"Suomen Street Workout yhdistys\",\"description\":\"Suomalaisen Street Workout j&auml;rjest&ouml;n sivusto\",\"publisher\":{\"@id\":\"https:\/\/www.suomenstreetworkout.fi\/#organization\"},\"potentialAction\":[{\"@type\":\"SearchAction\",\"target\":{\"@type\":\"EntryPoint\",\"urlTemplate\":\"https:\/\/www.suomenstreetworkout.fi\/?s={search_term_string}\"},\"query-input\":{\"@type\":\"PropertyValueSpecification\",\"valueRequired\":true,\"valueName\":\"search_term_string\"}}],\"inLanguage\":\"fi\"},{\"@type\":\"Organization\",\"@id\":\"https:\/\/www.suomenstreetworkout.fi\/#organization\",\"name\":\"Suomen Street Workout yhdistys\",\"url\":\"https:\/\/www.suomenstreetworkout.fi\/\",\"logo\":{\"@type\":\"ImageObject\",\"inLanguage\":\"fi\",\"@id\":\"https:\/\/www.suomenstreetworkout.fi\/#\/schema\/logo\/image\/\",\"url\":\"https:\/\/www.suomenstreetworkout.fi\/wp-content\/uploads\/2020\/03\/cropped-cropped-SSW_LOGO_2020-1.png\",\"contentUrl\":\"https:\/\/www.suomenstreetworkout.fi\/wp-content\/uploads\/2020\/03\/cropped-cropped-SSW_LOGO_2020-1.png\",\"width\":3507,\"height\":2339,\"caption\":\"Suomen Street Workout yhdistys\"},\"image\":{\"@id\":\"https:\/\/www.suomenstreetworkout.fi\/#\/schema\/logo\/image\/\"}}]}<\/script>\n<!-- \/ Yoast SEO plugin. -->","yoast_head_json":{"title":"Liity j\u00e4seneksi - Suomen Street Workout | Suomen Street Workout yhdistys","description":"Liity j\u00e4seneksi Suomen Street Workout ry:lle ja tuet suomalaisen Street Workout kulttuurin edist\u00e4mist\u00e4 maassamme.","robots":{"index":"index","follow":"follow","max-snippet":"max-snippet:-1","max-image-preview":"max-image-preview:large","max-video-preview":"max-video-preview:-1"},"canonical":"https:\/\/www.suomenstreetworkout.fi\/?page_id=170","og_locale":"fi_FI","og_type":"article","og_title":"Liity j\u00e4seneksi - Suomen Street Workout | Suomen Street Workout yhdistys","og_description":"Liity j\u00e4seneksi Suomen Street Workout ry:lle ja tuet suomalaisen Street Workout kulttuurin edist\u00e4mist\u00e4 maassamme.","og_url":"https:\/\/www.suomenstreetworkout.fi\/?page_id=170","og_site_name":"Suomen Street Workout yhdistys","article_modified_time":"2025-03-20T10:09:10+00:00","og_image":[{"width":1080,"height":697,"url":"http:\/\/www.suomenstreetworkout.fi\/wp-content\/uploads\/2019\/02\/DSC7252-copy-1.jpg","type":"image\/jpeg"}],"twitter_card":"summary_large_image","twitter_misc":{"Arvioitu lukuaika":"1 minuutti"},"schema":{"@context":"https:\/\/schema.org","@graph":[{"@type":"WebPage","@id":"https:\/\/www.suomenstreetworkout.fi\/?page_id=170","url":"https:\/\/www.suomenstreetworkout.fi\/?page_id=170","name":"Liity j\u00e4seneksi - Suomen Street Workout | Suomen Street Workout yhdistys","isPartOf":{"@id":"https:\/\/www.suomenstreetworkout.fi\/#website"},"primaryImageOfPage":{"@id":"https:\/\/www.suomenstreetworkout.fi\/?page_id=170#primaryimage"},"image":{"@id":"https:\/\/www.suomenstreetworkout.fi\/?page_id=170#primaryimage"},"thumbnailUrl":"https:\/\/www.suomenstreetworkout.fi\/wp-content\/uploads\/2019\/02\/DSC7252-copy-1.jpg","datePublished":"2020-03-17T12:39:04+00:00","dateModified":"2025-03-20T10:09:10+00:00","description":"Liity j\u00e4seneksi Suomen Street Workout ry:lle ja tuet suomalaisen Street Workout kulttuurin edist\u00e4mist\u00e4 maassamme.","breadcrumb":{"@id":"https:\/\/www.suomenstreetworkout.fi\/?page_id=170#breadcrumb"},"inLanguage":"fi","potentialAction":[{"@type":"ReadAction","target":["https:\/\/www.suomenstreetworkout.fi\/?page_id=170"]}]},{"@type":"ImageObject","inLanguage":"fi","@id":"https:\/\/www.suomenstreetworkout.fi\/?page_id=170#primaryimage","url":"https:\/\/www.suomenstreetworkout.fi\/wp-content\/uploads\/2019\/02\/DSC7252-copy-1.jpg","contentUrl":"https:\/\/www.suomenstreetworkout.fi\/wp-content\/uploads\/2019\/02\/DSC7252-copy-1.jpg","width":1080,"height":697},{"@type":"BreadcrumbList","@id":"https:\/\/www.suomenstreetworkout.fi\/?page_id=170#breadcrumb","itemListElement":[{"@type":"ListItem","position":1,"name":"Etusivu","item":"https:\/\/www.suomenstreetworkout.fi\/"},{"@type":"ListItem","position":2,"name":"LIITY J\u00c4SENEKSI"}]},{"@type":"WebSite","@id":"https:\/\/www.suomenstreetworkout.fi\/#website","url":"https:\/\/www.suomenstreetworkout.fi\/","name":"Suomen Street Workout yhdistys","description":"Suomalaisen Street Workout j&auml;rjest&ouml;n sivusto","publisher":{"@id":"https:\/\/www.suomenstreetworkout.fi\/#organization"},"potentialAction":[{"@type":"SearchAction","target":{"@type":"EntryPoint","urlTemplate":"https:\/\/www.suomenstreetworkout.fi\/?s={search_term_string}"},"query-input":{"@type":"PropertyValueSpecification","valueRequired":true,"valueName":"search_term_string"}}],"inLanguage":"fi"},{"@type":"Organization","@id":"https:\/\/www.suomenstreetworkout.fi\/#organization","name":"Suomen Street Workout yhdistys","url":"https:\/\/www.suomenstreetworkout.fi\/","logo":{"@type":"ImageObject","inLanguage":"fi","@id":"https:\/\/www.suomenstreetworkout.fi\/#\/schema\/logo\/image\/","url":"https:\/\/www.suomenstreetworkout.fi\/wp-content\/uploads\/2020\/03\/cropped-cropped-SSW_LOGO_2020-1.png","contentUrl":"https:\/\/www.suomenstreetworkout.fi\/wp-content\/uploads\/2020\/03\/cropped-cropped-SSW_LOGO_2020-1.png","width":3507,"height":2339,"caption":"Suomen Street Workout yhdistys"},"image":{"@id":"https:\/\/www.suomenstreetworkout.fi\/#\/schema\/logo\/image\/"}}]}},"_links":{"self":[{"href":"https:\/\/www.suomenstreetworkout.fi\/index.php?rest_route=\/wp\/v2\/pages\/170","targetHints":{"allow":["GET"]}}],"collection":[{"href":"https:\/\/www.suomenstreetworkout.fi\/index.php?rest_route=\/wp\/v2\/pages"}],"about":[{"href":"https:\/\/www.suomenstreetworkout.fi\/index.php?rest_route=\/wp\/v2\/types\/page"}],"author":[{"embeddable":true,"href":"https:\/\/www.suomenstreetworkout.fi\/index.php?rest_route=\/wp\/v2\/users\/1"}],"replies":[{"embeddable":true,"href":"https:\/\/www.suomenstreetworkout.fi\/index.php?rest_route=%2Fwp%2Fv2%2Fcomments&post=170"}],"version-history":[{"count":33,"href":"https:\/\/www.suomenstreetworkout.fi\/index.php?rest_route=\/wp\/v2\/pages\/170\/revisions"}],"predecessor-version":[{"id":1361,"href":"https:\/\/www.suomenstreetworkout.fi\/index.php?rest_route=\/wp\/v2\/pages\/170\/revisions\/1361"}],"wp:featuredmedia":[{"embeddable":true,"href":"https:\/\/www.suomenstreetworkout.fi\/index.php?rest_route=\/wp\/v2\/media\/26"}],"wp:attachment":[{"href":"https:\/\/www.suomenstreetworkout.fi\/index.php?rest_route=%2Fwp%2Fv2%2Fmedia&parent=170"}],"curies":[{"name":"wp","href":"https:\/\/api.w.org\/{rel}","templated":true}]}}