{"id":254,"date":"2020-03-18T10:13:56","date_gmt":"2020-03-18T10:13:56","guid":{"rendered":"http:\/\/31.217.192.177\/~suomenst\/?page_id=254"},"modified":"2025-05-18T10:55:10","modified_gmt":"2025-05-18T10:55:10","slug":"kilpailijoille","status":"publish","type":"page","link":"https:\/\/www.suomenstreetworkout.fi\/?page_id=254","title":{"rendered":"KILPAILIJOILLE"},"content":{"rendered":"\n<h2 class=\"wp-block-heading has-text-align-center\">ILMOITTAUTUMISOHJEET, KILPAILUKATEGORIAT &amp; TAPAHTUMAINFOT<\/h2>\n\n\n<style>.kb-countdown-container-254_64fdb6-9e{border-top-left-radius:0px;border-top-right-radius:0px;border-bottom-right-radius:0px;border-bottom-left-radius:0px;border-top-width:0px;border-right-width:0px;border-bottom-width:0px;border-left-width:0px;}.kb-countdown-container-254_64fdb6-9e .kb-countdown-date-item:not( .kb-countdown-divider-item ){border-color:#2d3359;border-top-left-radius:0px;border-top-right-radius:0px;border-bottom-right-radius:0px;border-bottom-left-radius:0px;border-top-width:5px;border-right-width:5px;border-bottom-width:5px;border-left-width:5px;padding-top:15px;padding-right:15px;padding-bottom:15px;padding-left:15px;}.kb-countdown-container-254_64fdb6-9e .kb-countdown-date-item.kb-countdown-divider-item{padding-top:15px;padding-bottom:15px;border-top-width:5px;border-bottom-width:5px;}.kb-countdown-container.kb-countdown-container-254_64fdb6-9e .kb-countdown-date-item .kb-countdown-label{font-size:var(--global-kb-font-size-md, 1.25rem);font-weight:inherit;}.kb-countdown-container.kb-countdown-container-254_64fdb6-9e .kb-countdown-item.kb-pre-timer{font-size:var(--global-kb-font-size-md, 1.25rem);letter-spacing:1px;text-transform:uppercase;font-weight:bold;}<\/style>\n<div class=\"wp-block-kadence-countdown kb-countdown-container kb-countdown-container-254_64fdb6-9e kb-countdown-timer-layout-block kb-countdown-has-timer kb-countdown-enable-dividers kb-countdown-align-center\" data-id=\"254_64fdb6-9e\">\n<div class=\"wp-block-kadence-countdown-timer kb-countdown-timer-254_399bcf-6e kb-countdown-timer\"><div class=\"kb-countdown-item kb-countdown-date-item\"><span class=\"kb-countdown-number\">\u00a0<\/span><span class=\"kb-countdown-label\">\u00a0<\/span><\/div><\/div>\n<\/div>\n\n\n<style>.wp-block-kadence-spacer.kt-block-spacer-254_0e2d4b-05 .kt-block-spacer{height:60px;}.wp-block-kadence-spacer.kt-block-spacer-254_0e2d4b-05 .kt-divider{border-top-width:1px;height:1px;border-top-color:#eee;width:80%;border-top-style:solid;}<\/style>\n<div class=\"wp-block-kadence-spacer aligncenter kt-block-spacer-254_0e2d4b-05\"><div class=\"kt-block-spacer kt-block-spacer-halign-center\"><hr class=\"kt-divider\"\/><\/div><\/div>\n\n\n\n<h2 class=\"wp-block-heading has-text-align-left\">Ilmoittautumisohjeet<\/h2>\n\n\n\n<p class=\"has-text-align-left\">Ilmoittautuminen vuoden 2025 SM-kilpailuun tapahtuu erillisen <a href=\"https:\/\/forms.gle\/joXjJrkDNSHwizEMA\">lomakkeen<\/a> kautta. Ilmoittautumisaikaa on 19.5.2025 klo 23:59 asti.<\/p>\n\n\n\n<p class=\"has-text-align-left\">Varmistathan ennen lomakkeen t\u00e4ytt\u00e4mist\u00e4 seuraavat asiat:<\/p>\n\n\n\n<ul class=\"wp-block-list\">\n<li>Kilpailuaikataulut<\/li>\n\n\n\n<li>Olet hakenut kilpailulisenssi\u00e4<\/li>\n\n\n\n<li>Olet tutustunut kilpailukategorioihin<\/li>\n\n\n\n<li>Olet lukenut kilpailujen s\u00e4\u00e4nn\u00f6t<\/li>\n<\/ul>\n\n\n\n<p class=\"has-text-align-left\"><strong>Kilpailuaikataulut<\/strong> pystyt tarkistamaan t\u00e4m\u00e4n sivun osiosta <strong>tapahtumainfot<\/strong>.<\/p>\n\n\n\n<p class=\"has-text-align-left\"><strong>Kilpailulisenssi\u00e4<\/strong> voit hakea <a href=\"https:\/\/www.suomenstreetworkout.fi\/?page_id=170\" target=\"_blank\" rel=\"noreferrer noopener\">t\u00e4\u00e4lt\u00e4<\/a>.<\/p>\n\n\n\n<p class=\"has-text-align-left\"><strong>Kategorioihin<\/strong> sek\u00e4 <strong>s\u00e4\u00e4nt\u00f6ihin<\/strong> p\u00e4\u00e4set tutustumaan alta.<\/p>\n\n\n<style>.wp-block-kadence-spacer.kt-block-spacer-254_9d25a8-8b .kt-block-spacer{height:60px;}.wp-block-kadence-spacer.kt-block-spacer-254_9d25a8-8b .kt-divider{border-top-width:1px;height:1px;border-top-color:#eee;width:80%;border-top-style:solid;}<\/style>\n<div class=\"wp-block-kadence-spacer aligncenter kt-block-spacer-254_9d25a8-8b\"><div class=\"kt-block-spacer kt-block-spacer-halign-center\"><hr class=\"kt-divider\"\/><\/div><\/div>\n\n\n\n<h2 class=\"wp-block-heading has-text-align-left\">Kilpailukategoriat<\/h2>\n\n\n<style>.wp-block-kadence-advancedgallery.kb-gallery-wrap-id-254_ca25f6-c9{overflow:hidden;}.kb-gallery-type-carousel.kb-gallery-id-254_ca25f6-c9 .kt-blocks-carousel .kt-blocks-carousel-init:not( .splide-initialized ){margin-left:-5px;margin-right:-5px;}.kb-gallery-type-carousel.kb-gallery-id-254_ca25f6-c9 .kt-blocks-carousel .kt-blocks-carousel-init:not( .splide-initialized ) .kb-slide-item{padding-left:5px;padding-right:5px;}.kb-gallery-id-254_ca25f6-c9 .kadence-blocks-gallery-item .kb-gal-image-radius{border-radius:0px 0px 0px 0px;}.kb-gallery-id-254_ca25f6-c9 .kadence-blocks-gallery-item .kadence-blocks-gallery-item-inner .kadence-blocks-gallery-item__caption{background:linear-gradient( 0deg, rgba(0, 0, 0, 0.5) 0, rgba(0, 0, 0, 0) 100% );}.kb-gallery-caption-style-cover-hover.kb-gallery-id-254_ca25f6-c9 .kadence-blocks-gallery-item .kadence-blocks-gallery-item-inner .kadence-blocks-gallery-item__caption, .kb-gallery-caption-style-below.kb-gallery-id-254_ca25f6-c9 .kadence-blocks-gallery-item .kadence-blocks-gallery-item-inner .kadence-blocks-gallery-item__caption{background:rgba(0, 0, 0, 0.5);}<\/style><div class=\"kb-gallery-wrap-id-254_ca25f6-c9 alignnone wp-block-kadence-advancedgallery\"><div class=\"kb-gallery-ul kb-gallery-non-static kb-gallery-type-carousel kb-gallery-id-254_ca25f6-c9 kb-gallery-caption-style-cover-hover kb-gallery-filter-none\" data-image-filter=\"none\" data-lightbox-caption=\"true\"><div class=\"kt-blocks-carousel kt-carousel-container-dotstyle-dark\"><div class=\"kt-blocks-carousel-init kb-gallery-carousel kt-carousel-arrowstyle-whiteondark kt-carousel-dotstyle-dark\" data-columns-xxl=\"4\" data-columns-xl=\"4\" data-columns-md=\"4\" data-columns-sm=\"3\" data-columns-xs=\"2\" data-columns-ss=\"2\" data-slider-anim-speed=\"400\" data-slider-scroll=\"1\" data-slider-arrows=\"true\" data-slider-dots=\"true\" data-slider-hover-pause=\"false\" data-slider-auto=\"\" data-slider-speed=\"7000\" data-slider-gap=\"10px\" data-slider-gap-tablet=\"10px\" data-slider-gap-mobile=\"10px\"><div class=\"kb-slide-item kb-gallery-carousel-item\"><div class=\"kadence-blocks-gallery-item\"><div class=\"kadence-blocks-gallery-item-inner\"><figure class=\"kb-gallery-figure kb-gallery-item-has-link kadence-blocks-gallery-item-has-caption\" \"><a href=\"https:\/\/www.suomenstreetworkout.fi\/?p=1334\" class=\"kb-gallery-item-link\"  ><div class=\"kb-gal-image-radius\"><div class=\"kb-gallery-image-contain kadence-blocks-gallery-intrinsic kb-gallery-image-ratio-land32 kb-has-image-ratio-land32\" ><img loading=\"lazy\" decoding=\"async\" src=\"https:\/\/www.suomenstreetworkout.fi\/wp-content\/uploads\/2022\/06\/9C0A4036-e1656077603607-1024x576.jpg\" width=\"1024\" height=\"576\" alt=\"\" data-full-image=\"https:\/\/www.suomenstreetworkout.fi\/wp-content\/uploads\/2022\/06\/9C0A4036-e1656077603607.jpg\" data-light-image=\"https:\/\/www.suomenstreetworkout.fi\/wp-content\/uploads\/2022\/06\/9C0A4036-e1656077603607.jpg\" data-id=\"967\" class=\"wp-image-967 skip-lazy\" srcset=\"https:\/\/www.suomenstreetworkout.fi\/wp-content\/uploads\/2022\/06\/9C0A4036-e1656077603607-1024x576.jpg 1024w, https:\/\/www.suomenstreetworkout.fi\/wp-content\/uploads\/2022\/06\/9C0A4036-e1656077603607-300x169.jpg 300w, https:\/\/www.suomenstreetworkout.fi\/wp-content\/uploads\/2022\/06\/9C0A4036-e1656077603607-768x432.jpg 768w, https:\/\/www.suomenstreetworkout.fi\/wp-content\/uploads\/2022\/06\/9C0A4036-e1656077603607-600x337.jpg 600w, https:\/\/www.suomenstreetworkout.fi\/wp-content\/uploads\/2022\/06\/9C0A4036-e1656077603607.jpg 1080w\" sizes=\"auto, (max-width: 1024px) 100vw, 1024px\" \/><\/div><div class=\"kadence-blocks-gallery-item__caption\">1RM<\/div><\/div><\/a><\/figure><\/div><\/div><\/div><div class=\"kb-slide-item kb-gallery-carousel-item\"><div class=\"kadence-blocks-gallery-item\"><div class=\"kadence-blocks-gallery-item-inner\"><figure class=\"kb-gallery-figure kb-gallery-item-has-link kadence-blocks-gallery-item-has-caption\" \"><a href=\"https:\/\/www.suomenstreetworkout.fi\/?p=1334\" class=\"kb-gallery-item-link\"  ><div class=\"kb-gal-image-radius\"><div class=\"kb-gallery-image-contain kadence-blocks-gallery-intrinsic kb-gallery-image-ratio-land32 kb-has-image-ratio-land32\" ><img loading=\"lazy\" decoding=\"async\" src=\"https:\/\/www.suomenstreetworkout.fi\/wp-content\/uploads\/2022\/06\/9C0A5334-e1656417171536-1024x576.jpg\" width=\"1024\" height=\"576\" alt=\"\" data-full-image=\"https:\/\/www.suomenstreetworkout.fi\/wp-content\/uploads\/2022\/06\/9C0A5334-e1656417171536.jpg\" data-light-image=\"https:\/\/www.suomenstreetworkout.fi\/wp-content\/uploads\/2022\/06\/9C0A5334-e1656417171536.jpg\" data-id=\"986\" class=\"wp-image-986 skip-lazy\" srcset=\"https:\/\/www.suomenstreetworkout.fi\/wp-content\/uploads\/2022\/06\/9C0A5334-e1656417171536-1024x576.jpg 1024w, https:\/\/www.suomenstreetworkout.fi\/wp-content\/uploads\/2022\/06\/9C0A5334-e1656417171536-300x169.jpg 300w, https:\/\/www.suomenstreetworkout.fi\/wp-content\/uploads\/2022\/06\/9C0A5334-e1656417171536-768x432.jpg 768w, https:\/\/www.suomenstreetworkout.fi\/wp-content\/uploads\/2022\/06\/9C0A5334-e1656417171536-600x337.jpg 600w, https:\/\/www.suomenstreetworkout.fi\/wp-content\/uploads\/2022\/06\/9C0A5334-e1656417171536.jpg 1080w\" sizes=\"auto, (max-width: 1024px) 100vw, 1024px\" \/><\/div><div class=\"kadence-blocks-gallery-item__caption\">FREESTYLE<\/div><\/div><\/a><\/figure><\/div><\/div><\/div><div class=\"kb-slide-item kb-gallery-carousel-item\"><div class=\"kadence-blocks-gallery-item\"><div class=\"kadence-blocks-gallery-item-inner\"><figure class=\"kb-gallery-figure kb-gallery-item-has-link kadence-blocks-gallery-item-has-caption\" \"><a href=\"https:\/\/www.suomenstreetworkout.fi\/?p=1334\" class=\"kb-gallery-item-link\"  ><div class=\"kb-gal-image-radius\"><div class=\"kb-gallery-image-contain kadence-blocks-gallery-intrinsic kb-gallery-image-ratio-land32 kb-has-image-ratio-land32\" ><img loading=\"lazy\" decoding=\"async\" src=\"https:\/\/www.suomenstreetworkout.fi\/wp-content\/uploads\/2022\/06\/9C0A3884-e1656089200846-1024x576.jpg\" width=\"1024\" height=\"576\" alt=\"\" data-full-image=\"https:\/\/www.suomenstreetworkout.fi\/wp-content\/uploads\/2022\/06\/9C0A3884-e1656089200846.jpg\" data-light-image=\"https:\/\/www.suomenstreetworkout.fi\/wp-content\/uploads\/2022\/06\/9C0A3884-e1656089200846.jpg\" data-id=\"969\" class=\"wp-image-969 skip-lazy\" srcset=\"https:\/\/www.suomenstreetworkout.fi\/wp-content\/uploads\/2022\/06\/9C0A3884-e1656089200846-1024x576.jpg 1024w, https:\/\/www.suomenstreetworkout.fi\/wp-content\/uploads\/2022\/06\/9C0A3884-e1656089200846-300x169.jpg 300w, https:\/\/www.suomenstreetworkout.fi\/wp-content\/uploads\/2022\/06\/9C0A3884-e1656089200846-768x432.jpg 768w, https:\/\/www.suomenstreetworkout.fi\/wp-content\/uploads\/2022\/06\/9C0A3884-e1656089200846-600x337.jpg 600w, https:\/\/www.suomenstreetworkout.fi\/wp-content\/uploads\/2022\/06\/9C0A3884-e1656089200846.jpg 1080w\" sizes=\"auto, (max-width: 1024px) 100vw, 1024px\" \/><\/div><div class=\"kadence-blocks-gallery-item__caption\">POWER<\/div><\/div><\/a><\/figure><\/div><\/div><\/div><div class=\"kb-slide-item kb-gallery-carousel-item\"><div class=\"kadence-blocks-gallery-item\"><div class=\"kadence-blocks-gallery-item-inner\"><figure class=\"kb-gallery-figure kb-gallery-item-has-link kadence-blocks-gallery-item-has-caption\" \"><a href=\"https:\/\/www.suomenstreetworkout.fi\/?p=1334\" class=\"kb-gallery-item-link\"  ><div class=\"kb-gal-image-radius\"><div class=\"kb-gallery-image-contain kadence-blocks-gallery-intrinsic kb-gallery-image-ratio-land32 kb-has-image-ratio-land32\" ><img loading=\"lazy\" decoding=\"async\" src=\"https:\/\/www.suomenstreetworkout.fi\/wp-content\/uploads\/2022\/06\/9C0A5467-e1656090806775-1024x576.jpg\" width=\"1024\" height=\"576\" alt=\"\" data-full-image=\"https:\/\/www.suomenstreetworkout.fi\/wp-content\/uploads\/2022\/06\/9C0A5467-e1656090806775.jpg\" data-light-image=\"https:\/\/www.suomenstreetworkout.fi\/wp-content\/uploads\/2022\/06\/9C0A5467-e1656090806775.jpg\" data-id=\"975\" class=\"wp-image-975 skip-lazy\" srcset=\"https:\/\/www.suomenstreetworkout.fi\/wp-content\/uploads\/2022\/06\/9C0A5467-e1656090806775-1024x576.jpg 1024w, https:\/\/www.suomenstreetworkout.fi\/wp-content\/uploads\/2022\/06\/9C0A5467-e1656090806775-300x169.jpg 300w, https:\/\/www.suomenstreetworkout.fi\/wp-content\/uploads\/2022\/06\/9C0A5467-e1656090806775-768x432.jpg 768w, https:\/\/www.suomenstreetworkout.fi\/wp-content\/uploads\/2022\/06\/9C0A5467-e1656090806775-600x337.jpg 600w, https:\/\/www.suomenstreetworkout.fi\/wp-content\/uploads\/2022\/06\/9C0A5467-e1656090806775.jpg 1080w\" sizes=\"auto, (max-width: 1024px) 100vw, 1024px\" \/><\/div><div class=\"kadence-blocks-gallery-item__caption\">STRENGTH &#038; ENDURANCE<\/div><\/div><\/a><\/figure><\/div><\/div><\/div><\/div><\/div><\/div><\/div>\n\n<style>.wp-block-kadence-spacer.kt-block-spacer-254_d3e20f-74 .kt-block-spacer{height:60px;}.wp-block-kadence-spacer.kt-block-spacer-254_d3e20f-74 .kt-divider{border-top-width:1px;height:1px;border-top-color:#eee;width:80%;border-top-style:solid;}<\/style>\n<div class=\"wp-block-kadence-spacer aligncenter kt-block-spacer-254_d3e20f-74\"><div class=\"kt-block-spacer kt-block-spacer-halign-center\"><hr class=\"kt-divider\"\/><\/div><\/div>\n\n\n\n<h2 class=\"wp-block-heading\">Tapahtumainfot<\/h2>\n\n\n\n<div class=\"mec-wrap mec-skin-grid-container  \" id=\"mec_skin_372\">\r\n\r\n    <div id=\"mec_search_form_372\" class=\"mec-search-form mec-totalcal-box\"><div class=\"mec-dropdown-wrap\" ><div class=\"mec-dropdown-search\"><i class=\"mec-sl-folder\"><\/i><select  name=' ' id='mec_sf_category_372' class='postform'>\n\t<option value='' selected='selected'>Category<\/option>\n\t<option class=\"level-0\" value=\"59\">Kansainv\u00e4liset<\/option>\n\t<option class=\"level-0\" value=\"51\">Kilpailut<\/option>\n\t<option class=\"level-0\" value=\"52\">Kokoontumiset<\/option>\n\t<option class=\"level-0\" value=\"53\">Treenit<\/option>\n<\/select>\n<\/div><\/div><div class=\"mec-text-input-search\"><i class=\"mec-sl-magnifier\"><\/i>\r\n                    <input type=\"search\" value=\"\" id=\"mec_sf_s_372\" placeholder=\"\" \/>\r\n                <\/div><\/div>\r\n        <div class=\"mec-skin-grid-events-container\" id=\"mec_skin_events_372\">\r\n        No event found!    <\/div>\r\n    \r\n    \r\n<\/div>\n\n\n<style>.wp-block-kadence-spacer.kt-block-spacer-254_33edc2-82 .kt-block-spacer{height:60px;}.wp-block-kadence-spacer.kt-block-spacer-254_33edc2-82 .kt-divider{border-top-width:1px;height:1px;border-top-color:#eee;width:80%;border-top-style:solid;}<\/style>\n<div class=\"wp-block-kadence-spacer aligncenter kt-block-spacer-254_33edc2-82\"><div class=\"kt-block-spacer kt-block-spacer-halign-center\"><hr class=\"kt-divider\"\/><\/div><\/div>\n","protected":false},"excerpt":{"rendered":"<p>ILMOITTAUTUMISOHJEET, KILPAILUKATEGORIAT &amp; TAPAHTUMAINFOT Ilmoittautumisohjeet Ilmoittautuminen vuoden 2025 SM-kilpailuun tapahtuu erillisen lomakkeen kautta. Ilmoittautumisaikaa on 19.5.2025 klo 23:59 asti. Varmistathan ennen lomakkeen t\u00e4ytt\u00e4mist\u00e4 seuraavat asiat: Kilpailuaikataulut pystyt tarkistamaan t\u00e4m\u00e4n sivun osiosta tapahtumainfot. Kilpailulisenssi\u00e4 voit hakea t\u00e4\u00e4lt\u00e4. Kategorioihin sek\u00e4 s\u00e4\u00e4nt\u00f6ihin p\u00e4\u00e4set tutustumaan alta. Kilpailukategoriat Tapahtumainfot<\/p>\n","protected":false},"author":4,"featured_media":967,"parent":0,"menu_order":0,"comment_status":"closed","ping_status":"closed","template":"page-templates\/template-fullwidth.php","meta":{"footnotes":""},"class_list":["post-254","page","type-page","status-publish","has-post-thumbnail","hentry"],"yoast_head":"<!-- This site is optimized with the Yoast SEO plugin v24.9 - https:\/\/yoast.com\/wordpress\/plugins\/seo\/ -->\n<title>KILPAILIJOILLE - Suomen Street Workout yhdistys<\/title>\n<meta name=\"robots\" content=\"index, follow, max-snippet:-1, max-image-preview:large, max-video-preview:-1\" \/>\n<link rel=\"canonical\" href=\"https:\/\/www.suomenstreetworkout.fi\/?page_id=254\" \/>\n<meta property=\"og:locale\" content=\"fi_FI\" \/>\n<meta property=\"og:type\" content=\"article\" \/>\n<meta property=\"og:title\" content=\"KILPAILIJOILLE - Suomen Street Workout yhdistys\" \/>\n<meta property=\"og:description\" content=\"ILMOITTAUTUMISOHJEET, KILPAILUKATEGORIAT &amp; TAPAHTUMAINFOT Ilmoittautumisohjeet Ilmoittautuminen vuoden 2025 SM-kilpailuun tapahtuu erillisen lomakkeen kautta. Ilmoittautumisaikaa on 19.5.2025 klo 23:59 asti. Varmistathan ennen lomakkeen t\u00e4ytt\u00e4mist\u00e4 seuraavat asiat: Kilpailuaikataulut pystyt tarkistamaan t\u00e4m\u00e4n sivun osiosta tapahtumainfot. Kilpailulisenssi\u00e4 voit hakea t\u00e4\u00e4lt\u00e4. Kategorioihin sek\u00e4 s\u00e4\u00e4nt\u00f6ihin p\u00e4\u00e4set tutustumaan alta. Kilpailukategoriat Tapahtumainfot\" \/>\n<meta property=\"og:url\" content=\"https:\/\/www.suomenstreetworkout.fi\/?page_id=254\" \/>\n<meta property=\"og:site_name\" content=\"Suomen Street Workout yhdistys\" \/>\n<meta property=\"article:modified_time\" content=\"2025-05-18T10:55:10+00:00\" \/>\n<meta property=\"og:image\" content=\"http:\/\/www.suomenstreetworkout.fi\/wp-content\/uploads\/2022\/06\/9C0A4036-e1656077603607.jpg\" \/>\n\t<meta property=\"og:image:width\" content=\"1080\" \/>\n\t<meta property=\"og:image:height\" content=\"607\" \/>\n\t<meta property=\"og:image:type\" content=\"image\/jpeg\" \/>\n<meta name=\"twitter:card\" content=\"summary_large_image\" \/>\n<meta name=\"twitter:label1\" content=\"Arvioitu lukuaika\" \/>\n\t<meta name=\"twitter:data1\" content=\"1 minuutti\" \/>\n<script type=\"application\/ld+json\" class=\"yoast-schema-graph\">{\"@context\":\"https:\/\/schema.org\",\"@graph\":[{\"@type\":\"WebPage\",\"@id\":\"https:\/\/www.suomenstreetworkout.fi\/?page_id=254\",\"url\":\"https:\/\/www.suomenstreetworkout.fi\/?page_id=254\",\"name\":\"KILPAILIJOILLE - Suomen Street Workout yhdistys\",\"isPartOf\":{\"@id\":\"https:\/\/www.suomenstreetworkout.fi\/#website\"},\"primaryImageOfPage\":{\"@id\":\"https:\/\/www.suomenstreetworkout.fi\/?page_id=254#primaryimage\"},\"image\":{\"@id\":\"https:\/\/www.suomenstreetworkout.fi\/?page_id=254#primaryimage\"},\"thumbnailUrl\":\"https:\/\/www.suomenstreetworkout.fi\/wp-content\/uploads\/2022\/06\/9C0A4036-e1656077603607.jpg\",\"datePublished\":\"2020-03-18T10:13:56+00:00\",\"dateModified\":\"2025-05-18T10:55:10+00:00\",\"breadcrumb\":{\"@id\":\"https:\/\/www.suomenstreetworkout.fi\/?page_id=254#breadcrumb\"},\"inLanguage\":\"fi\",\"potentialAction\":[{\"@type\":\"ReadAction\",\"target\":[\"https:\/\/www.suomenstreetworkout.fi\/?page_id=254\"]}]},{\"@type\":\"ImageObject\",\"inLanguage\":\"fi\",\"@id\":\"https:\/\/www.suomenstreetworkout.fi\/?page_id=254#primaryimage\",\"url\":\"https:\/\/www.suomenstreetworkout.fi\/wp-content\/uploads\/2022\/06\/9C0A4036-e1656077603607.jpg\",\"contentUrl\":\"https:\/\/www.suomenstreetworkout.fi\/wp-content\/uploads\/2022\/06\/9C0A4036-e1656077603607.jpg\",\"width\":1080,\"height\":607,\"caption\":\"1RM\"},{\"@type\":\"BreadcrumbList\",\"@id\":\"https:\/\/www.suomenstreetworkout.fi\/?page_id=254#breadcrumb\",\"itemListElement\":[{\"@type\":\"ListItem\",\"position\":1,\"name\":\"Etusivu\",\"item\":\"https:\/\/www.suomenstreetworkout.fi\/\"},{\"@type\":\"ListItem\",\"position\":2,\"name\":\"KILPAILIJOILLE\"}]},{\"@type\":\"WebSite\",\"@id\":\"https:\/\/www.suomenstreetworkout.fi\/#website\",\"url\":\"https:\/\/www.suomenstreetworkout.fi\/\",\"name\":\"Suomen Street Workout yhdistys\",\"description\":\"Suomalaisen Street Workout j&auml;rjest&ouml;n sivusto\",\"publisher\":{\"@id\":\"https:\/\/www.suomenstreetworkout.fi\/#organization\"},\"potentialAction\":[{\"@type\":\"SearchAction\",\"target\":{\"@type\":\"EntryPoint\",\"urlTemplate\":\"https:\/\/www.suomenstreetworkout.fi\/?s={search_term_string}\"},\"query-input\":{\"@type\":\"PropertyValueSpecification\",\"valueRequired\":true,\"valueName\":\"search_term_string\"}}],\"inLanguage\":\"fi\"},{\"@type\":\"Organization\",\"@id\":\"https:\/\/www.suomenstreetworkout.fi\/#organization\",\"name\":\"Suomen Street Workout yhdistys\",\"url\":\"https:\/\/www.suomenstreetworkout.fi\/\",\"logo\":{\"@type\":\"ImageObject\",\"inLanguage\":\"fi\",\"@id\":\"https:\/\/www.suomenstreetworkout.fi\/#\/schema\/logo\/image\/\",\"url\":\"https:\/\/www.suomenstreetworkout.fi\/wp-content\/uploads\/2020\/03\/cropped-cropped-SSW_LOGO_2020-1.png\",\"contentUrl\":\"https:\/\/www.suomenstreetworkout.fi\/wp-content\/uploads\/2020\/03\/cropped-cropped-SSW_LOGO_2020-1.png\",\"width\":3507,\"height\":2339,\"caption\":\"Suomen Street Workout yhdistys\"},\"image\":{\"@id\":\"https:\/\/www.suomenstreetworkout.fi\/#\/schema\/logo\/image\/\"}}]}<\/script>\n<!-- \/ Yoast SEO plugin. -->","yoast_head_json":{"title":"KILPAILIJOILLE - Suomen Street Workout yhdistys","robots":{"index":"index","follow":"follow","max-snippet":"max-snippet:-1","max-image-preview":"max-image-preview:large","max-video-preview":"max-video-preview:-1"},"canonical":"https:\/\/www.suomenstreetworkout.fi\/?page_id=254","og_locale":"fi_FI","og_type":"article","og_title":"KILPAILIJOILLE - Suomen Street Workout yhdistys","og_description":"ILMOITTAUTUMISOHJEET, KILPAILUKATEGORIAT &amp; TAPAHTUMAINFOT Ilmoittautumisohjeet Ilmoittautuminen vuoden 2025 SM-kilpailuun tapahtuu erillisen lomakkeen kautta. Ilmoittautumisaikaa on 19.5.2025 klo 23:59 asti. Varmistathan ennen lomakkeen t\u00e4ytt\u00e4mist\u00e4 seuraavat asiat: Kilpailuaikataulut pystyt tarkistamaan t\u00e4m\u00e4n sivun osiosta tapahtumainfot. Kilpailulisenssi\u00e4 voit hakea t\u00e4\u00e4lt\u00e4. Kategorioihin sek\u00e4 s\u00e4\u00e4nt\u00f6ihin p\u00e4\u00e4set tutustumaan alta. Kilpailukategoriat Tapahtumainfot","og_url":"https:\/\/www.suomenstreetworkout.fi\/?page_id=254","og_site_name":"Suomen Street Workout yhdistys","article_modified_time":"2025-05-18T10:55:10+00:00","og_image":[{"width":1080,"height":607,"url":"http:\/\/www.suomenstreetworkout.fi\/wp-content\/uploads\/2022\/06\/9C0A4036-e1656077603607.jpg","type":"image\/jpeg"}],"twitter_card":"summary_large_image","twitter_misc":{"Arvioitu lukuaika":"1 minuutti"},"schema":{"@context":"https:\/\/schema.org","@graph":[{"@type":"WebPage","@id":"https:\/\/www.suomenstreetworkout.fi\/?page_id=254","url":"https:\/\/www.suomenstreetworkout.fi\/?page_id=254","name":"KILPAILIJOILLE - Suomen Street Workout yhdistys","isPartOf":{"@id":"https:\/\/www.suomenstreetworkout.fi\/#website"},"primaryImageOfPage":{"@id":"https:\/\/www.suomenstreetworkout.fi\/?page_id=254#primaryimage"},"image":{"@id":"https:\/\/www.suomenstreetworkout.fi\/?page_id=254#primaryimage"},"thumbnailUrl":"https:\/\/www.suomenstreetworkout.fi\/wp-content\/uploads\/2022\/06\/9C0A4036-e1656077603607.jpg","datePublished":"2020-03-18T10:13:56+00:00","dateModified":"2025-05-18T10:55:10+00:00","breadcrumb":{"@id":"https:\/\/www.suomenstreetworkout.fi\/?page_id=254#breadcrumb"},"inLanguage":"fi","potentialAction":[{"@type":"ReadAction","target":["https:\/\/www.suomenstreetworkout.fi\/?page_id=254"]}]},{"@type":"ImageObject","inLanguage":"fi","@id":"https:\/\/www.suomenstreetworkout.fi\/?page_id=254#primaryimage","url":"https:\/\/www.suomenstreetworkout.fi\/wp-content\/uploads\/2022\/06\/9C0A4036-e1656077603607.jpg","contentUrl":"https:\/\/www.suomenstreetworkout.fi\/wp-content\/uploads\/2022\/06\/9C0A4036-e1656077603607.jpg","width":1080,"height":607,"caption":"1RM"},{"@type":"BreadcrumbList","@id":"https:\/\/www.suomenstreetworkout.fi\/?page_id=254#breadcrumb","itemListElement":[{"@type":"ListItem","position":1,"name":"Etusivu","item":"https:\/\/www.suomenstreetworkout.fi\/"},{"@type":"ListItem","position":2,"name":"KILPAILIJOILLE"}]},{"@type":"WebSite","@id":"https:\/\/www.suomenstreetworkout.fi\/#website","url":"https:\/\/www.suomenstreetworkout.fi\/","name":"Suomen Street Workout yhdistys","description":"Suomalaisen Street Workout j&auml;rjest&ouml;n sivusto","publisher":{"@id":"https:\/\/www.suomenstreetworkout.fi\/#organization"},"potentialAction":[{"@type":"SearchAction","target":{"@type":"EntryPoint","urlTemplate":"https:\/\/www.suomenstreetworkout.fi\/?s={search_term_string}"},"query-input":{"@type":"PropertyValueSpecification","valueRequired":true,"valueName":"search_term_string"}}],"inLanguage":"fi"},{"@type":"Organization","@id":"https:\/\/www.suomenstreetworkout.fi\/#organization","name":"Suomen Street Workout yhdistys","url":"https:\/\/www.suomenstreetworkout.fi\/","logo":{"@type":"ImageObject","inLanguage":"fi","@id":"https:\/\/www.suomenstreetworkout.fi\/#\/schema\/logo\/image\/","url":"https:\/\/www.suomenstreetworkout.fi\/wp-content\/uploads\/2020\/03\/cropped-cropped-SSW_LOGO_2020-1.png","contentUrl":"https:\/\/www.suomenstreetworkout.fi\/wp-content\/uploads\/2020\/03\/cropped-cropped-SSW_LOGO_2020-1.png","width":3507,"height":2339,"caption":"Suomen Street Workout yhdistys"},"image":{"@id":"https:\/\/www.suomenstreetworkout.fi\/#\/schema\/logo\/image\/"}}]}},"_links":{"self":[{"href":"https:\/\/www.suomenstreetworkout.fi\/index.php?rest_route=\/wp\/v2\/pages\/254","targetHints":{"allow":["GET"]}}],"collection":[{"href":"https:\/\/www.suomenstreetworkout.fi\/index.php?rest_route=\/wp\/v2\/pages"}],"about":[{"href":"https:\/\/www.suomenstreetworkout.fi\/index.php?rest_route=\/wp\/v2\/types\/page"}],"author":[{"embeddable":true,"href":"https:\/\/www.suomenstreetworkout.fi\/index.php?rest_route=\/wp\/v2\/users\/4"}],"replies":[{"embeddable":true,"href":"https:\/\/www.suomenstreetworkout.fi\/index.php?rest_route=%2Fwp%2Fv2%2Fcomments&post=254"}],"version-history":[{"count":32,"href":"https:\/\/www.suomenstreetworkout.fi\/index.php?rest_route=\/wp\/v2\/pages\/254\/revisions"}],"predecessor-version":[{"id":1370,"href":"https:\/\/www.suomenstreetworkout.fi\/index.php?rest_route=\/wp\/v2\/pages\/254\/revisions\/1370"}],"wp:featuredmedia":[{"embeddable":true,"href":"https:\/\/www.suomenstreetworkout.fi\/index.php?rest_route=\/wp\/v2\/media\/967"}],"wp:attachment":[{"href":"https:\/\/www.suomenstreetworkout.fi\/index.php?rest_route=%2Fwp%2Fv2%2Fmedia&parent=254"}],"curies":[{"name":"wp","href":"https:\/\/api.w.org\/{rel}","templated":true}]}}